{"id":2,"date":"2013-04-12T09:49:21","date_gmt":"2013-04-12T07:49:21","guid":{"rendered":"http:\/\/www.monas.lt\/blogas\/?page_id=2"},"modified":"2013-04-19T15:53:00","modified_gmt":"2013-04-19T13:53:00","slug":"apie-mono-bloga","status":"publish","type":"page","link":"https:\/\/www.monas.lt\/blogas\/apie-mono-bloga","title":{"rendered":"Apie"},"content":{"rendered":"<p>Kartais pagalvodavau, jog tur\u0117ti blog\u0105 yra visai \u012fdomi mintis. Kod\u0117l nepasidarius ir man vieno. Bet vis ka\u017ekas sulaikydavo mane nuo \u0161ios minties realizacijos. Vis ie\u0161kodavau gilesn\u0117s prasm\u0117s ar bent jau ap\u010diuopiamos naudos, kuri\u0105 gal\u0117t\u0173 ka\u017ekam suteikti tokios ra\u0161liavos&#8230;<br \/>\nKalbant apie naud\u0105, manau bent jau man asmeni\u0161kai tai bus naudinga &#8211; kai gilioje senatv\u0117je prad\u0117siu nebe prisiminti ka\u017ekoki\u0173 smulkmen\u0173 gal\u0117siu pasiskaityti \u0161it\u0105 &#8222;konspekt\u0105&#8221;.<br \/>\nO tuo tarpu galb\u016bt ka\u017ekas \u010dia perskaitys tai, ko iki \u0161iol ne\u017einojo ir bus laimingas atrad\u0119s problemos sprendim\u0105.<\/p>\n<p>Taigi pirmyn! Yra tik viena smulkmen\u0117l\u0117 &#8211; belieka tik ra\u0161yti \ud83d\ude42<\/p>\n<p>&nbsp;<\/p>\n","protected":false},"excerpt":{"rendered":"<p>Kartais pagalvodavau, jog tur\u0117ti blog\u0105 yra visai \u012fdomi mintis. Kod\u0117l nepasidarius ir man vieno. Bet vis ka\u017ekas sulaikydavo mane nuo \u0161ios minties realizacijos. Vis ie\u0161kodavau gilesn\u0117s prasm\u0117s ar bent jau ap\u010diuopiamos naudos, kuri\u0105 gal\u0117t\u0173 ka\u017ekam suteikti tokios ra\u0161liavos&#8230; Kalbant apie naud\u0105, manau bent jau man asmeni\u0161kai tai bus naudinga &#8211; kai gilioje senatv\u0117je prad\u0117siu nebe [&hellip;]<\/p>\n","protected":false},"author":1,"featured_media":0,"parent":0,"menu_order":0,"comment_status":"closed","ping_status":"closed","template":"","meta":{"footnotes":""},"_links":{"self":[{"href":"https:\/\/www.monas.lt\/blogas\/wp-json\/wp\/v2\/pages\/2"}],"collection":[{"href":"https:\/\/www.monas.lt\/blogas\/wp-json\/wp\/v2\/pages"}],"about":[{"href":"https:\/\/www.monas.lt\/blogas\/wp-json\/wp\/v2\/types\/page"}],"author":[{"embeddable":true,"href":"https:\/\/www.monas.lt\/blogas\/wp-json\/wp\/v2\/users\/1"}],"replies":[{"embeddable":true,"href":"https:\/\/www.monas.lt\/blogas\/wp-json\/wp\/v2\/comments?post=2"}],"version-history":[{"count":4,"href":"https:\/\/www.monas.lt\/blogas\/wp-json\/wp\/v2\/pages\/2\/revisions"}],"predecessor-version":[{"id":26,"href":"https:\/\/www.monas.lt\/blogas\/wp-json\/wp\/v2\/pages\/2\/revisions\/26"}],"wp:attachment":[{"href":"https:\/\/www.monas.lt\/blogas\/wp-json\/wp\/v2\/media?parent=2"}],"curies":[{"name":"wp","href":"https:\/\/api.w.org\/{rel}","templated":true}]}}