{"id":228,"date":"2025-02-20T16:36:46","date_gmt":"2025-02-20T14:36:46","guid":{"rendered":"https:\/\/www.monas.lt\/blogas\/?page_id=228"},"modified":"2025-02-20T16:37:31","modified_gmt":"2025-02-20T14:37:31","slug":"privatumas","status":"publish","type":"page","link":"https:\/\/www.monas.lt\/blogas\/privatumas","title":{"rendered":"Privatumas"},"content":{"rendered":"\n<p>\u0160i svetain\u0117 naudoja slapukus, kad u\u017etikrint\u0173 geriausi\u0105 patirt\u012f m\u016bs\u0173 svetain\u0117je. Jei Jums tai problema &#8211; visada galite juos i\u0161trinti pasinaudodami savo nar\u0161ykl\u0117s nustatymais.<\/p>\n","protected":false},"excerpt":{"rendered":"<p>\u0160i svetain\u0117 naudoja slapukus, kad u\u017etikrint\u0173 geriausi\u0105 patirt\u012f m\u016bs\u0173 svetain\u0117je. Jei Jums tai problema &#8211; visada galite juos i\u0161trinti pasinaudodami savo nar\u0161ykl\u0117s nustatymais.<\/p>\n","protected":false},"author":1,"featured_media":0,"parent":0,"menu_order":0,"comment_status":"closed","ping_status":"closed","template":"","meta":{"footnotes":""},"_links":{"self":[{"href":"https:\/\/www.monas.lt\/blogas\/wp-json\/wp\/v2\/pages\/228"}],"collection":[{"href":"https:\/\/www.monas.lt\/blogas\/wp-json\/wp\/v2\/pages"}],"about":[{"href":"https:\/\/www.monas.lt\/blogas\/wp-json\/wp\/v2\/types\/page"}],"author":[{"embeddable":true,"href":"https:\/\/www.monas.lt\/blogas\/wp-json\/wp\/v2\/users\/1"}],"replies":[{"embeddable":true,"href":"https:\/\/www.monas.lt\/blogas\/wp-json\/wp\/v2\/comments?post=228"}],"version-history":[{"count":2,"href":"https:\/\/www.monas.lt\/blogas\/wp-json\/wp\/v2\/pages\/228\/revisions"}],"predecessor-version":[{"id":231,"href":"https:\/\/www.monas.lt\/blogas\/wp-json\/wp\/v2\/pages\/228\/revisions\/231"}],"wp:attachment":[{"href":"https:\/\/www.monas.lt\/blogas\/wp-json\/wp\/v2\/media?parent=228"}],"curies":[{"name":"wp","href":"https:\/\/api.w.org\/{rel}","templated":true}]}}